{"id":1475,"date":"2025-09-01T12:45:55","date_gmt":"2025-09-01T10:45:55","guid":{"rendered":"https:\/\/rs.sestravakci.eu\/?page_id=1475"},"modified":"2025-09-08T12:34:38","modified_gmt":"2025-09-08T10:34:38","slug":"rs-projekt-ukoncen","status":"publish","type":"page","link":"https:\/\/rs.sestravakci.eu\/","title":{"rendered":"RS sestry v akci &#8211; projekt ukon\u010den"},"content":{"rendered":"\t\t<div data-elementor-type=\"wp-post\" data-elementor-id=\"1475\" class=\"elementor elementor-1475\" data-elementor-post-type=\"page\">\n\t\t\t\t\t\t\t\t\t<section class=\"elementor-section elementor-top-section elementor-element elementor-element-71ef7ee7 elementor-section-boxed elementor-section-height-default elementor-section-height-default\" data-id=\"71ef7ee7\" data-element_type=\"section\" data-settings=\"{&quot;background_background&quot;:&quot;classic&quot;,&quot;shape_divider_top&quot;:&quot;curve&quot;}\">\n\t\t\t\t\t<div class=\"elementor-shape elementor-shape-top\" data-negative=\"false\">\n\t\t\t<svg xmlns=\"http:\/\/www.w3.org\/2000\/svg\" viewBox=\"0 0 1000 100\" preserveAspectRatio=\"none\">\n    <path class=\"elementor-shape-fill\" d=\"M1000,4.3V0H0v4.3C0.9,23.1,126.7,99.2,500,100S1000,22.7,1000,4.3z\"\/>\n<\/svg>\t\t<\/div>\n\t\t\t\t\t<div class=\"elementor-container elementor-column-gap-no\">\n\t\t\t\t\t<div class=\"elementor-column elementor-col-100 elementor-top-column elementor-element elementor-element-fea4375\" data-id=\"fea4375\" data-element_type=\"column\">\n\t\t\t<div class=\"elementor-widget-wrap elementor-element-populated\">\n\t\t\t\t\t\t\t\t<div class=\"elementor-element elementor-element-c8b8451 elementor-widget-tablet__width-initial elementor-widget elementor-widget-heading\" data-id=\"c8b8451\" data-element_type=\"widget\" data-widget_type=\"heading.default\">\n\t\t\t\t<div class=\"elementor-widget-container\">\n\t\t\t<h2 class=\"elementor-heading-title elementor-size-default\">PROJEKT BYL K 1. 9. 2025 UKON\u010cEN<\/h2>\t\t<\/div>\n\t\t\t\t<\/div>\n\t\t\t\t\t<\/div>\n\t\t<\/div>\n\t\t\t\t\t\t\t<\/div>\n\t\t<\/section>\n\t\t\t\t<section class=\"elementor-section elementor-top-section elementor-element elementor-element-c8108fd elementor-section-height-min-height elementor-section-boxed elementor-section-height-default elementor-section-items-middle\" data-id=\"c8108fd\" data-element_type=\"section\" data-settings=\"{&quot;background_background&quot;:&quot;classic&quot;,&quot;shape_divider_bottom&quot;:&quot;curve&quot;}\">\n\t\t\t\t\t<div class=\"elementor-shape elementor-shape-bottom\" data-negative=\"false\">\n\t\t\t<svg xmlns=\"http:\/\/www.w3.org\/2000\/svg\" viewBox=\"0 0 1000 100\" preserveAspectRatio=\"none\">\n    <path class=\"elementor-shape-fill\" d=\"M1000,4.3V0H0v4.3C0.9,23.1,126.7,99.2,500,100S1000,22.7,1000,4.3z\"\/>\n<\/svg>\t\t<\/div>\n\t\t\t\t\t<div class=\"elementor-container elementor-column-gap-no\">\n\t\t\t\t\t<div class=\"elementor-column elementor-col-100 elementor-top-column elementor-element elementor-element-53e7553\" data-id=\"53e7553\" data-element_type=\"column\">\n\t\t\t<div class=\"elementor-widget-wrap elementor-element-populated\">\n\t\t\t\t\t\t\t\t<div class=\"elementor-element elementor-element-953214f elementor-widget elementor-widget-text-editor\" data-id=\"953214f\" data-element_type=\"widget\" data-widget_type=\"text-editor.default\">\n\t\t\t\t<div class=\"elementor-widget-container\">\n\t\t\t\t\t\t\t<p>Hled\u00e1te informace o roztrou\u0161en\u00e9 skler\u00f3ze mozkom\u00ed\u0161n\u00ed? Aktivn\u00ed \u017eivot V\u00e1m je poskytne!<br \/>Projekty, odborn\u00e9 \u010dl\u00e1nky, poradny ur\u010den\u00e9 nejen lidem s tzv. ereskou, ale i osob\u00e1m, kter\u00e9 se o t\u00e9to nemoci, latinsky zvan\u00e9 sclerosis multiplex, cht\u011bj\u00ed dozv\u011bd\u011bt v\u00edc.<\/p>\t\t\t\t\t\t<\/div>\n\t\t\t\t<\/div>\n\t\t\t\t<div class=\"elementor-element elementor-element-f67fb12 elementor-widget elementor-widget-image\" data-id=\"f67fb12\" data-element_type=\"widget\" data-widget_type=\"image.default\">\n\t\t\t\t<div class=\"elementor-widget-container\">\n\t\t\t\t\t\t\t\t\t\t\t\t\t\t\t\t<a href=\"https:\/\/www.aktivnizivot.cz\" target=\"_blank\" rel=\"noopener\">\n\t\t\t\t\t\t\t<img decoding=\"async\" loading=\"lazy\" width=\"768\" height=\"543\" src=\"https:\/\/rs.sestravakci.eu\/wp-content\/uploads\/2025\/09\/aktivni_zivot_logo_white-768x543-1.png\" class=\"attachment-full size-full wp-image-1480\" alt=\"\" srcset=\"https:\/\/rs.sestravakci.eu\/wp-content\/uploads\/2025\/09\/aktivni_zivot_logo_white-768x543-1.png 768w, https:\/\/rs.sestravakci.eu\/wp-content\/uploads\/2025\/09\/aktivni_zivot_logo_white-768x543-1-300x212.png 300w\" sizes=\"(max-width: 768px) 100vw, 768px\" \/>\t\t\t\t\t\t\t\t<\/a>\n\t\t\t\t\t\t\t\t\t\t\t\t\t\t\t<\/div>\n\t\t\t\t<\/div>\n\t\t\t\t<div class=\"elementor-element elementor-element-8f8f9d2 elementor-widget elementor-widget-spacer\" data-id=\"8f8f9d2\" data-element_type=\"widget\" data-widget_type=\"spacer.default\">\n\t\t\t\t<div class=\"elementor-widget-container\">\n\t\t\t\t\t<div class=\"elementor-spacer\">\n\t\t\t<div class=\"elementor-spacer-inner\"><\/div>\n\t\t<\/div>\n\t\t\t\t<\/div>\n\t\t\t\t<\/div>\n\t\t\t\t\t<\/div>\n\t\t<\/div>\n\t\t\t\t\t\t\t<\/div>\n\t\t<\/section>\n\t\t\t\t<section class=\"elementor-section elementor-top-section elementor-element elementor-element-19a5238 elementor-section-height-min-height elementor-section-content-middle elementor-section-boxed elementor-section-height-default elementor-section-items-middle\" data-id=\"19a5238\" data-element_type=\"section\" data-settings=\"{&quot;shape_divider_bottom&quot;:&quot;curve&quot;,&quot;background_background&quot;:&quot;gradient&quot;,&quot;shape_divider_bottom_negative&quot;:&quot;yes&quot;}\">\n\t\t\t\t\t<div class=\"elementor-shape elementor-shape-bottom\" data-negative=\"true\">\n\t\t\t<svg xmlns=\"http:\/\/www.w3.org\/2000\/svg\" viewBox=\"0 0 1000 100\" preserveAspectRatio=\"none\">\n\t<path class=\"elementor-shape-fill\" d=\"M500,97C126.7,96.3,0.8,19.8,0,0v100l1000,0V1C1000,19.4,873.3,97.8,500,97z\"\/>\n<\/svg>\t\t<\/div>\n\t\t\t\t\t<div class=\"elementor-container elementor-column-gap-default\">\n\t\t\t\t\t<div class=\"elementor-column elementor-col-100 elementor-top-column elementor-element elementor-element-d6cbecd\" data-id=\"d6cbecd\" data-element_type=\"column\">\n\t\t\t<div class=\"elementor-widget-wrap elementor-element-populated\">\n\t\t\t\t\t\t\t\t<div class=\"elementor-element elementor-element-6861932 elementor-widget__width-auto elementor-widget elementor-widget-text-editor\" data-id=\"6861932\" data-element_type=\"widget\" data-widget_type=\"text-editor.default\">\n\t\t\t\t<div class=\"elementor-widget-container\">\n\t\t\t\t\t\t\t<h2 style=\"text-align: center;\">I s RS se d\u00e1 toti\u017e \u017e\u00edt aktivn\u011b!\u00a0<\/h2><h4 style=\"text-align: center;\">M\u00e1te z\u00e1jem se o roztrou\u0161en\u00e9 skler\u00f3ze dozv\u011bd\u011bt v\u00edc?<\/h4><h5 style=\"text-align: center;\">Nav\u0161tivte str\u00e1nky <span style=\"text-decoration: underline;\"><span style=\"color: #ffffff;\"><a style=\"color: #ffffff; text-decoration: underline;\" href=\"http:\/\/mamrs.cz\" target=\"_blank\" rel=\"noopener\">www.mamRS.cz<\/a><\/span><\/span><\/h5>\t\t\t\t\t\t<\/div>\n\t\t\t\t<\/div>\n\t\t\t\t\t<\/div>\n\t\t<\/div>\n\t\t\t\t\t\t\t<\/div>\n\t\t<\/section>\n\t\t\t\t\t\t\t<\/div>\n\t\t","protected":false},"excerpt":{"rendered":"<p>PROJEKT BYL K 1. 9. 2025 UKON\u010cEN Hled\u00e1te informace o roztrou\u0161en\u00e9 skler\u00f3ze mozkom\u00ed\u0161n\u00ed? Aktivn\u00ed \u017eivot V\u00e1m je poskytne!Projekty, odborn\u00e9 \u010dl\u00e1nky, poradny ur\u010den\u00e9 nejen lidem s tzv. ereskou, ale i osob\u00e1m, kter\u00e9 se o t\u00e9to nemoci, latinsky zvan\u00e9 sclerosis multiplex, cht\u011bj\u00ed dozv\u011bd\u011bt v\u00edc. I s RS se d\u00e1 toti\u017e \u017e\u00edt aktivn\u011b!\u00a0 M\u00e1te z\u00e1jem se o roztrou\u0161en\u00e9 [&hellip;]<\/p>\n","protected":false},"author":11,"featured_media":0,"parent":0,"menu_order":0,"comment_status":"closed","ping_status":"closed","template":"elementor_header_footer","meta":{"footnotes":""},"_links":{"self":[{"href":"https:\/\/rs.sestravakci.eu\/index.php?rest_route=\/wp\/v2\/pages\/1475"}],"collection":[{"href":"https:\/\/rs.sestravakci.eu\/index.php?rest_route=\/wp\/v2\/pages"}],"about":[{"href":"https:\/\/rs.sestravakci.eu\/index.php?rest_route=\/wp\/v2\/types\/page"}],"author":[{"embeddable":true,"href":"https:\/\/rs.sestravakci.eu\/index.php?rest_route=\/wp\/v2\/users\/11"}],"replies":[{"embeddable":true,"href":"https:\/\/rs.sestravakci.eu\/index.php?rest_route=%2Fwp%2Fv2%2Fcomments&post=1475"}],"version-history":[{"count":10,"href":"https:\/\/rs.sestravakci.eu\/index.php?rest_route=\/wp\/v2\/pages\/1475\/revisions"}],"predecessor-version":[{"id":1486,"href":"https:\/\/rs.sestravakci.eu\/index.php?rest_route=\/wp\/v2\/pages\/1475\/revisions\/1486"}],"wp:attachment":[{"href":"https:\/\/rs.sestravakci.eu\/index.php?rest_route=%2Fwp%2Fv2%2Fmedia&parent=1475"}],"curies":[{"name":"wp","href":"https:\/\/api.w.org\/{rel}","templated":true}]}}